{"id":16,"date":"2023-09-29T14:10:43","date_gmt":"2023-09-29T05:10:43","guid":{"rendered":"http:\/\/www.su-re.co.jp\/?page_id=16"},"modified":"2023-12-09T13:59:08","modified_gmt":"2023-12-09T04:59:08","slug":"%e3%81%8a%e5%95%8f%e3%81%84%e5%90%88%e3%82%8f%e3%81%9b","status":"publish","type":"page","link":"https:\/\/www.su-re.co.jp\/index.php\/%e3%81%8a%e5%95%8f%e3%81%84%e5%90%88%e3%82%8f%e3%81%9b\/","title":{"rendered":"\u304a\u554f\u3044\u5408\u308f\u305b"},"content":{"rendered":"\n<h2 class=\"wp-block-heading has-text-align-center\">\u304a\u554f\u3044\u5408\u308f\u305b\u30fb\u3054\u610f\u898b\u30fb\u3054\u8981\u671b<\/h2>\n\n\n\n<figure class=\"wp-block-image size-large is-resized\"><img loading=\"lazy\" decoding=\"async\" width=\"1024\" height=\"216\" src=\"https:\/\/www.su-re.co.jp\/wp-content\/uploads\/2023\/11\/contact-1024x216.jpg\" alt=\"\" class=\"wp-image-348\" style=\"width:1128px;height:auto\" srcset=\"https:\/\/www.su-re.co.jp\/wp-content\/uploads\/2023\/11\/contact-1024x216.jpg 1024w, https:\/\/www.su-re.co.jp\/wp-content\/uploads\/2023\/11\/contact-300x63.jpg 300w, https:\/\/www.su-re.co.jp\/wp-content\/uploads\/2023\/11\/contact-768x162.jpg 768w, https:\/\/www.su-re.co.jp\/wp-content\/uploads\/2023\/11\/contact-1536x323.jpg 1536w, https:\/\/www.su-re.co.jp\/wp-content\/uploads\/2023\/11\/contact.jpg 1900w\" sizes=\"auto, (max-width: 1024px) 100vw, 1024px\" \/><\/figure>\n\n\n\n\n<div class=\"wpcf7 no-js\" id=\"wpcf7-f126-o1\" lang=\"ja\" dir=\"ltr\">\n<div class=\"screen-reader-response\"><p role=\"status\" aria-live=\"polite\" aria-atomic=\"true\"><\/p> <ul><\/ul><\/div>\n<form action=\"\/index.php\/wp-json\/wp\/v2\/pages\/16#wpcf7-f126-o1\" method=\"post\" class=\"wpcf7-form init\" aria-label=\"\u30b3\u30f3\u30bf\u30af\u30c8\u30d5\u30a9\u30fc\u30e0\" novalidate=\"novalidate\" data-status=\"init\">\n<div style=\"display: none;\">\n<input type=\"hidden\" name=\"_wpcf7\" value=\"126\" \/>\n<input type=\"hidden\" name=\"_wpcf7_version\" value=\"5.8.1\" \/>\n<input type=\"hidden\" name=\"_wpcf7_locale\" value=\"ja\" \/>\n<input type=\"hidden\" name=\"_wpcf7_unit_tag\" value=\"wpcf7-f126-o1\" \/>\n<input type=\"hidden\" name=\"_wpcf7_container_post\" value=\"0\" \/>\n<input type=\"hidden\" name=\"_wpcf7_posted_data_hash\" value=\"\" \/>\n<\/div>\n<table class=\"CF7_table\">\n\t<tr>\n\t\t<th>\n\t\t\t<p><span class=\"CF7_req\">\u5fc5\u9808<\/span> \u304a\u540d\u524d\uff08\u6f22\u5b57\uff09\n\t\t\t<\/p>\n\t\t<\/th>\n\t\t<td>\n\t\t\t<p><span class=\"wpcf7-form-control-wrap\" data-name=\"your-name\"><input size=\"40\" class=\"wpcf7-form-control wpcf7-text wpcf7-validates-as-required\" aria-required=\"true\" aria-invalid=\"false\" placeholder=\"\u4f8b\uff1a \u304a\u540d\u524d\uff08\u6f22\u5b57\uff09\" value=\"\" type=\"text\" name=\"your-name\" \/><\/span>\n\t\t\t<\/p>\n\t\t<\/td>\n\t<\/tr>\n\t<tr>\n\t\t<th>\n\t\t\t<p><span class=\"CF7_req\">\u5fc5\u9808<\/span> \u304a\u540d\u524d\uff08\u30ab\u30bf\u30ab\u30ca\uff09\n\t\t\t<\/p>\n\t\t<\/th>\n\t\t<td>\n\t\t\t<p><span class=\"wpcf7-form-control-wrap\" data-name=\"your-katakana\"><input size=\"40\" class=\"wpcf7-form-control wpcf7-text wpcf7-validates-as-required\" aria-required=\"true\" aria-invalid=\"false\" placeholder=\"\u4f8b\uff1a\u304a\u540d\u524d\uff08\u30ab\u30bf\u30ab\u30ca\uff09\" value=\"\" type=\"text\" name=\"your-katakana\" \/><\/span>\n\t\t\t<\/p>\n\t\t<\/td>\n\t<\/tr>\n\t<tr>\n\t\t<th>\n\t\t\t<p><span class=\"CF7_req\">\u5fc5\u9808<\/span> \u30e1\u30fc\u30eb\u30a2\u30c9\u30ec\u30b9\n\t\t\t<\/p>\n\t\t<\/th>\n\t\t<td>\n\t\t\t<p><span class=\"wpcf7-form-control-wrap\" data-name=\"your-email\"><input size=\"40\" class=\"wpcf7-form-control wpcf7-email wpcf7-validates-as-required wpcf7-text wpcf7-validates-as-email\" aria-required=\"true\" aria-invalid=\"false\" placeholder=\"\u4f8b\uff1a\u00d7\u00d7\u00d7@\u00d7\u00d7\u00d7.co.jp\" value=\"\" type=\"email\" name=\"your-email\" \/><\/span>\n\t\t\t<\/p>\n\t\t<\/td>\n\t<\/tr>\n\t<tr>\n\t\t<th>\n\t\t\t<p><span class=\"CF7_unreq\">\u4efb\u610f<\/span>\u4f1a\u793e\u540d\n\t\t\t<\/p>\n\t\t<\/th>\n\t\t<td>\n\t\t\t<p><span class=\"wpcf7-form-control-wrap\" data-name=\"your-company\"><input size=\"40\" class=\"wpcf7-form-control wpcf7-text\" aria-invalid=\"false\" placeholder=\"\u4f8b\uff1a\u25ef\u25ef\u682a\u5f0f\u4f1a\u793e\" value=\"\" type=\"text\" name=\"your-company\" \/><\/span>\n\t\t\t<\/p>\n\t\t<\/td>\n\t<\/tr>\n\t<tr>\n\t\t<th>\n\t\t\t<p><span class=\"CF7_unreq\">\u4efb\u610f<\/span>\u304a\u96fb\u8a71\u756a\u53f7\n\t\t\t<\/p>\n\t\t<\/th>\n\t\t<td>\n\t\t\t<p><span class=\"wpcf7-form-control-wrap\" data-name=\"tel-4\"><input size=\"40\" class=\"wpcf7-form-control wpcf7-tel wpcf7-text wpcf7-validates-as-tel\" aria-invalid=\"false\" placeholder=\"\u4f8b\uff1a03-1234-5678\" value=\"\" type=\"tel\" name=\"tel-4\" \/><\/span>\n\t\t\t<\/p>\n\t\t<\/td>\n\t<\/tr>\n\t<tr>\n\t\t<th>\n\t\t\t<p><span class=\"CF7_req\">\u5fc5\u9808<\/span> \u3054\u76f8\u8ac7\u5185\u5bb9\n\t\t\t<\/p>\n\t\t<\/th>\n\t\t<td>\n\t\t\t<p><span class=\"wpcf7-form-control-wrap\" data-name=\"checkbox-inq\"><span class=\"wpcf7-form-control wpcf7-checkbox wpcf7-validates-as-required\"><span class=\"wpcf7-list-item first\"><input type=\"checkbox\" name=\"checkbox-inq[]\" value=\"\u58f2\u8cb7\" \/><span class=\"wpcf7-list-item-label\">\u58f2\u8cb7<\/span><\/span><span class=\"wpcf7-list-item\"><input type=\"checkbox\" name=\"checkbox-inq[]\" value=\"\u8cc3\u8cb8\" \/><span class=\"wpcf7-list-item-label\">\u8cc3\u8cb8<\/span><\/span><span class=\"wpcf7-list-item\"><input type=\"checkbox\" name=\"checkbox-inq[]\" value=\"\u7ba1\u7406\" \/><span class=\"wpcf7-list-item-label\">\u7ba1\u7406<\/span><\/span><span class=\"wpcf7-list-item\"><input type=\"checkbox\" name=\"checkbox-inq[]\" value=\"\u30b3\u30f3\u30b5\u30eb\u30c6\u30a3\u30f3\u30b0\" \/><span class=\"wpcf7-list-item-label\">\u30b3\u30f3\u30b5\u30eb\u30c6\u30a3\u30f3\u30b0<\/span><\/span><span class=\"wpcf7-list-item last\"><input type=\"checkbox\" name=\"checkbox-inq[]\" value=\"\u305d\u306e\u4ed6\" \/><span class=\"wpcf7-list-item-label\">\u305d\u306e\u4ed6<\/span><\/span><\/span><\/span>\n\t\t\t<\/p>\n\t\t<\/td>\n\t<\/tr>\n\t<tr>\n\t\t<th>\n\t\t\t<p><span class=\"CF7_req\">\u5fc5\u9808<\/span>\u984c\u540d\n\t\t\t<\/p>\n\t\t<\/th>\n\t\t<td class=\"message-100\">\n\t\t\t<p><span class=\"wpcf7-form-control-wrap\" data-name=\"your-subject\"><input size=\"40\" class=\"wpcf7-form-control wpcf7-text wpcf7-validates-as-required\" aria-required=\"true\" aria-invalid=\"false\" placeholder=\"\u4f8b\uff1a\u984c\u540d\" value=\"\" type=\"text\" name=\"your-subject\" \/><\/span>\u3000\n\t\t\t<\/p>\n\t\t<\/td>\n\t<\/tr>\n\t<tr>\n\t\t<th>\n\t\t\t<p><span class=\"CF7_req\">\u5fc5\u9808<\/span>\u30e1\u30c3\u30bb\u30fc\u30b8\u672c\u6587\n\t\t\t<\/p>\n\t\t<\/th>\n\t\t<td class=\"message-100\">\n\t\t\t<p><span class=\"wpcf7-form-control-wrap\" data-name=\"your-message\"><textarea cols=\"40\" rows=\"10\" class=\"wpcf7-form-control wpcf7-textarea wpcf7-validates-as-required\" aria-required=\"true\" aria-invalid=\"false\" placeholder=\"\u304a\u554f\u3044\u5408\u308f\u305b\u5185\u5bb9\u3092\u3054\u8a18\u5165\u304f\u3060\u3055\u3044\" name=\"your-message\"><\/textarea><\/span>\u3000\n\t\t\t<\/p>\n\t\t<\/td>\n\t<\/tr>\n<\/table>\n<p class=\"CF7_btn\"><input class=\"wpcf7-form-control wpcf7-submit has-spinner\" type=\"submit\" value=\"\u9001\u4fe1\u3059\u308b\" \/>\n<\/p><div class=\"wpcf7-response-output\" aria-hidden=\"true\"><\/div>\n<\/form>\n<\/div>\n\n\n\n\n<div class=\"wp-block-cover alignfull\" style=\"padding-top:0px;padding-right:0px;padding-bottom:0px;padding-left:0px;min-height:100px;aspect-ratio:unset;\"><span aria-hidden=\"true\" class=\"wp-block-cover__background has-background-dim-60 has-background-dim\"><\/span><img decoding=\"async\" class=\"wp-block-cover__image-background wp-image-4218\" alt=\"\" src=\"https:\/\/patterns.vektor-inc.co.jp\/wp-content\/uploads\/2022\/08\/laptop-desk-notebook-computer-macbook-mac-1283335-pxhere.com_.jpg\" data-object-fit=\"cover\"\/><div class=\"wp-block-cover__inner-container is-layout-flow wp-block-cover-is-layout-flow\">\n<div class=\"wp-block-group is-layout-constrained wp-block-group-is-layout-constrained\">\n<div class=\"wp-block-vk-blocks-spacer vk_spacer vk_spacer-type-height\"><div class=\"vk_block-margin-lg--height\"><\/div><\/div>\n\n\n\n<h2 class=\"wp-block-heading has-text-align-center is-style-vk-heading-plain vk_block-margin-xs--margin-bottom has-white-color has-text-color\" style=\"font-size:2em\">\u304a\u554f\u3044\u5408\u308f\u305b<\/h2>\n\n\n\n<p class=\"has-text-align-center vk_block-margin-0--margin-bottom vk_block-margin-0--margin-top has-white-color has-text-color\">\u30d5\u30a9\u30fc\u30e0\u304b\u3089\u30e1\u30fc\u30eb\u304c\u9001\u4fe1\u3067\u304d\u306a\u3044\u5834\u5408\u3001\u304a\u96fb\u8a71\u304b\u4ee5\u4e0b\u306e\u30a2\u30c9\u30ec\u30b9\u3088\u308a\u76f4\u63a5\u9001\u4fe1\u304a\u9858\u3044\u3044\u305f\u3057\u307e\u3059\u3002<\/p>\n\n\n\n<div class=\"wp-block-vk-blocks-spacer vk_spacer vk_spacer-type-height vk_spacer-type-margin-top\"><div class=\"vk_block-margin-md--height\"><\/div><\/div>\n\n\n\n<div class=\"wp-block-columns vk_block-margin-0--margin-bottom is-layout-flex wp-container-core-columns-is-layout-28f84493 wp-block-columns-is-layout-flex\">\n<div class=\"wp-block-column is-layout-flow wp-block-column-is-layout-flow\">\n<div class=\"wp-block-vk-blocks-button vk_button vk_button-color-custom vk_button-align-block is-style-undefined vk_block-margin-0--margin-bottom\"><a href=\"tel:03-5790-5500\" class=\"vk_button_link btn has-text-color is-style-outline has-white-color btn-lg btn-block\" role=\"button\" aria-pressed=\"true\" rel=\"noopener\"><div class=\"vk_button_link_caption\"><i class=\"fas fa-mobile-alt vk_button_link_before\"><\/i><span class=\"vk_button_link_txt\"><strong>03-5790-5500<\/strong><\/span><\/div><p class=\"vk_button_link_subCaption\">\u55b6\u696d\u6642\u9593\uff1a10:00\uff5e18:00\uff08\u65e5\u66dc\u30fb\u795d\u65e5\u3092\u9664\u304f\uff09<\/p><\/a><\/div>\n<\/div>\n\n\n\n<div class=\"wp-block-column is-layout-flow wp-block-column-is-layout-flow\">\n<div class=\"wp-block-vk-blocks-button vk_button vk_button-color-custom vk_button-align-block is-style-undefined vk_block-margin-0--margin-bottom\"><a href=\"mailto:info@su-re.co.jp\" class=\"vk_button_link btn has-text-color is-style-outline has-white-color btn-lg btn-block\" role=\"button\" aria-pressed=\"true\" rel=\"noopener\"><div class=\"vk_button_link_caption\"><i class=\"far fa-envelope vk_button_link_before\"><\/i><span class=\"vk_button_link_txt\">\u30e1\u30fc\u30eb\u3067\u306e\u304a\u554f\u3044\u5408\u308f\u305b<\/span><\/div><p class=\"vk_button_link_subCaption\">2\u55b6\u696d\u65e5\u4ee5\u5185\u306b\u5f0a\u793e\u62c5\u5f53\u8005\u3088\u308a\u3054\u9023\u7d61\u3044\u305f\u3057\u307e\u3059<\/p><\/a><\/div>\n<\/div>\n<\/div>\n\n\n\n<div class=\"wp-block-vk-blocks-spacer vk_spacer vk_spacer-type-height\"><div class=\"vk_block-margin-lg--height\"><\/div><\/div>\n<\/div>\n<\/div><\/div>\n","protected":false},"excerpt":{"rendered":"<p>\u304a\u554f\u3044\u5408\u308f\u305b\u30fb\u3054\u610f\u898b\u30fb\u3054\u8981\u671b<\/p>\n","protected":false},"author":1,"featured_media":0,"parent":0,"menu_order":0,"comment_status":"closed","ping_status":"closed","template":"","meta":{"om_disable_all_campaigns":false,"_monsterinsights_skip_tracking":false,"_monsterinsights_sitenote_active":false,"_monsterinsights_sitenote_note":"","_monsterinsights_sitenote_category":0,"_uf_show_specific_survey":0,"_uf_disable_surveys":false,"vkexunit_cta_each_option":"","footnotes":""},"class_list":["post-16","page","type-page","status-publish","hentry"],"aioseo_notices":[],"_links":{"self":[{"href":"https:\/\/www.su-re.co.jp\/index.php\/wp-json\/wp\/v2\/pages\/16","targetHints":{"allow":["GET"]}}],"collection":[{"href":"https:\/\/www.su-re.co.jp\/index.php\/wp-json\/wp\/v2\/pages"}],"about":[{"href":"https:\/\/www.su-re.co.jp\/index.php\/wp-json\/wp\/v2\/types\/page"}],"author":[{"embeddable":true,"href":"https:\/\/www.su-re.co.jp\/index.php\/wp-json\/wp\/v2\/users\/1"}],"replies":[{"embeddable":true,"href":"https:\/\/www.su-re.co.jp\/index.php\/wp-json\/wp\/v2\/comments?post=16"}],"version-history":[{"count":11,"href":"https:\/\/www.su-re.co.jp\/index.php\/wp-json\/wp\/v2\/pages\/16\/revisions"}],"predecessor-version":[{"id":520,"href":"https:\/\/www.su-re.co.jp\/index.php\/wp-json\/wp\/v2\/pages\/16\/revisions\/520"}],"wp:attachment":[{"href":"https:\/\/www.su-re.co.jp\/index.php\/wp-json\/wp\/v2\/media?parent=16"}],"curies":[{"name":"wp","href":"https:\/\/api.w.org\/{rel}","templated":true}]}}